{"id":1363,"date":"2013-04-23T13:15:00","date_gmt":"2013-04-23T11:15:00","guid":{"rendered":"http:\/\/blog.nojo.fr\/?page_id=1363"},"modified":"2021-05-18T13:34:17","modified_gmt":"2021-05-18T11:34:17","slug":"musique","status":"publish","type":"page","link":"http:\/\/blog.nojo.fr\/index.php\/musique\/","title":{"rendered":"Musique"},"content":{"rendered":"<p>Les forums que je g\u00e8re:<\/p>\n<ul>\n<li>Forum francophone d\u00e9di\u00e9 \u00e0 <a href=\"http:\/\/forum-norah-jones.nojo.fr\/\">Norah Jones<\/a><\/li>\n<li>Forum francophone d\u00e9di\u00e9 \u00e0 <a href=\"http:\/\/forum-nikki-yanofsky.nojo.fr\/\">Nikki yanofsky<\/a><\/li>\n<\/ul>\n<p>Les forums <em>amis<\/em>:<\/p>\n<ul>\n<li>Forum francophone d\u00e9di\u00e9 aux collections concernant <a href=\"http:\/\/katiemeluacollection.fra.co\/\">Katie Melua<\/a><\/li>\n<li>Forum sur <a href=\"https:\/\/amymacdonald.forumotion.com\/\">Amy MacDonald<\/a><\/li>\n<\/ul>\n<p>&nbsp;<\/p>\n","protected":false},"excerpt":{"rendered":"<p>Les forums que je g\u00e8re: Forum francophone d\u00e9di\u00e9 \u00e0 Norah Jones Forum francophone d\u00e9di\u00e9 \u00e0 Nikki yanofsky Les forums amis: Forum francophone d\u00e9di\u00e9 aux collections concernant Katie Melua Forum sur Amy MacDonald &nbsp;<\/p>\n","protected":false},"author":1,"featured_media":0,"parent":0,"menu_order":0,"comment_status":"open","ping_status":"open","template":"","meta":{"wikipediapreview_detectlinks":true,"ngg_post_thumbnail":0,"footnotes":""},"class_list":["post-1363","page","type-page","status-publish","hentry"],"yoast_head":"<!-- This site is optimized with the Yoast SEO plugin v27.3 - https:\/\/yoast.com\/product\/yoast-seo-wordpress\/ -->\n<title>Musique - Le blog de Sergiodadi<\/title>\n<meta name=\"robots\" content=\"index, follow, max-snippet:-1, max-image-preview:large, max-video-preview:-1\" \/>\n<link rel=\"canonical\" href=\"https:\/\/blog.nojo.fr\/index.php\/musique\/\" \/>\n<meta property=\"og:locale\" content=\"fr_FR\" \/>\n<meta property=\"og:type\" content=\"article\" \/>\n<meta property=\"og:title\" content=\"Musique - Le blog de Sergiodadi\" \/>\n<meta property=\"og:description\" content=\"Les forums que je g\u00e8re: Forum francophone d\u00e9di\u00e9 \u00e0 Norah Jones Forum francophone d\u00e9di\u00e9 \u00e0 Nikki yanofsky Les forums amis: Forum francophone d\u00e9di\u00e9 aux collections concernant Katie Melua Forum sur Amy MacDonald &nbsp;\" \/>\n<meta property=\"og:url\" content=\"https:\/\/blog.nojo.fr\/index.php\/musique\/\" \/>\n<meta property=\"og:site_name\" content=\"Le blog de Sergiodadi\" \/>\n<meta property=\"article:modified_time\" content=\"2021-05-18T11:34:17+00:00\" \/>\n<meta name=\"twitter:card\" content=\"summary_large_image\" \/>\n<script type=\"application\/ld+json\" class=\"yoast-schema-graph\">{\"@context\":\"https:\\\/\\\/schema.org\",\"@graph\":[{\"@type\":\"WebPage\",\"@id\":\"https:\\\/\\\/blog.nojo.fr\\\/index.php\\\/musique\\\/\",\"url\":\"https:\\\/\\\/blog.nojo.fr\\\/index.php\\\/musique\\\/\",\"name\":\"Musique - Le blog de Sergiodadi\",\"isPartOf\":{\"@id\":\"http:\\\/\\\/blog.nojo.fr\\\/#website\"},\"datePublished\":\"2013-04-23T11:15:00+00:00\",\"dateModified\":\"2021-05-18T11:34:17+00:00\",\"breadcrumb\":{\"@id\":\"https:\\\/\\\/blog.nojo.fr\\\/index.php\\\/musique\\\/#breadcrumb\"},\"inLanguage\":\"fr-FR\",\"potentialAction\":[{\"@type\":\"ReadAction\",\"target\":[\"https:\\\/\\\/blog.nojo.fr\\\/index.php\\\/musique\\\/\"]}]},{\"@type\":\"BreadcrumbList\",\"@id\":\"https:\\\/\\\/blog.nojo.fr\\\/index.php\\\/musique\\\/#breadcrumb\",\"itemListElement\":[{\"@type\":\"ListItem\",\"position\":1,\"name\":\"Home\",\"item\":\"http:\\\/\\\/blog.nojo.fr\\\/\"},{\"@type\":\"ListItem\",\"position\":2,\"name\":\"Musique\"}]},{\"@type\":\"WebSite\",\"@id\":\"http:\\\/\\\/blog.nojo.fr\\\/#website\",\"url\":\"http:\\\/\\\/blog.nojo.fr\\\/\",\"name\":\"Le blog de Sergiodadi\",\"description\":\"Un peu de tout\u2026 Musique, Livres, Amis, Mus\u00e9es, Spectacles\u2026\",\"potentialAction\":[{\"@type\":\"SearchAction\",\"target\":{\"@type\":\"EntryPoint\",\"urlTemplate\":\"http:\\\/\\\/blog.nojo.fr\\\/?s={search_term_string}\"},\"query-input\":{\"@type\":\"PropertyValueSpecification\",\"valueRequired\":true,\"valueName\":\"search_term_string\"}}],\"inLanguage\":\"fr-FR\"}]}<\/script>\n<!-- \/ Yoast SEO plugin. -->","yoast_head_json":{"title":"Musique - Le blog de Sergiodadi","robots":{"index":"index","follow":"follow","max-snippet":"max-snippet:-1","max-image-preview":"max-image-preview:large","max-video-preview":"max-video-preview:-1"},"canonical":"https:\/\/blog.nojo.fr\/index.php\/musique\/","og_locale":"fr_FR","og_type":"article","og_title":"Musique - Le blog de Sergiodadi","og_description":"Les forums que je g\u00e8re: Forum francophone d\u00e9di\u00e9 \u00e0 Norah Jones Forum francophone d\u00e9di\u00e9 \u00e0 Nikki yanofsky Les forums amis: Forum francophone d\u00e9di\u00e9 aux collections concernant Katie Melua Forum sur Amy MacDonald &nbsp;","og_url":"https:\/\/blog.nojo.fr\/index.php\/musique\/","og_site_name":"Le blog de Sergiodadi","article_modified_time":"2021-05-18T11:34:17+00:00","twitter_card":"summary_large_image","schema":{"@context":"https:\/\/schema.org","@graph":[{"@type":"WebPage","@id":"https:\/\/blog.nojo.fr\/index.php\/musique\/","url":"https:\/\/blog.nojo.fr\/index.php\/musique\/","name":"Musique - Le blog de Sergiodadi","isPartOf":{"@id":"http:\/\/blog.nojo.fr\/#website"},"datePublished":"2013-04-23T11:15:00+00:00","dateModified":"2021-05-18T11:34:17+00:00","breadcrumb":{"@id":"https:\/\/blog.nojo.fr\/index.php\/musique\/#breadcrumb"},"inLanguage":"fr-FR","potentialAction":[{"@type":"ReadAction","target":["https:\/\/blog.nojo.fr\/index.php\/musique\/"]}]},{"@type":"BreadcrumbList","@id":"https:\/\/blog.nojo.fr\/index.php\/musique\/#breadcrumb","itemListElement":[{"@type":"ListItem","position":1,"name":"Home","item":"http:\/\/blog.nojo.fr\/"},{"@type":"ListItem","position":2,"name":"Musique"}]},{"@type":"WebSite","@id":"http:\/\/blog.nojo.fr\/#website","url":"http:\/\/blog.nojo.fr\/","name":"Le blog de Sergiodadi","description":"Un peu de tout\u2026 Musique, Livres, Amis, Mus\u00e9es, Spectacles\u2026","potentialAction":[{"@type":"SearchAction","target":{"@type":"EntryPoint","urlTemplate":"http:\/\/blog.nojo.fr\/?s={search_term_string}"},"query-input":{"@type":"PropertyValueSpecification","valueRequired":true,"valueName":"search_term_string"}}],"inLanguage":"fr-FR"}]}},"_links":{"self":[{"href":"http:\/\/blog.nojo.fr\/index.php\/wp-json\/wp\/v2\/pages\/1363","targetHints":{"allow":["GET"]}}],"collection":[{"href":"http:\/\/blog.nojo.fr\/index.php\/wp-json\/wp\/v2\/pages"}],"about":[{"href":"http:\/\/blog.nojo.fr\/index.php\/wp-json\/wp\/v2\/types\/page"}],"author":[{"embeddable":true,"href":"http:\/\/blog.nojo.fr\/index.php\/wp-json\/wp\/v2\/users\/1"}],"replies":[{"embeddable":true,"href":"http:\/\/blog.nojo.fr\/index.php\/wp-json\/wp\/v2\/comments?post=1363"}],"version-history":[{"count":3,"href":"http:\/\/blog.nojo.fr\/index.php\/wp-json\/wp\/v2\/pages\/1363\/revisions"}],"predecessor-version":[{"id":22167,"href":"http:\/\/blog.nojo.fr\/index.php\/wp-json\/wp\/v2\/pages\/1363\/revisions\/22167"}],"wp:attachment":[{"href":"http:\/\/blog.nojo.fr\/index.php\/wp-json\/wp\/v2\/media?parent=1363"}],"curies":[{"name":"wp","href":"https:\/\/api.w.org\/{rel}","templated":true}]}}